{"id":1190,"date":"2022-04-01T00:35:04","date_gmt":"2022-03-31T22:35:04","guid":{"rendered":"https:\/\/tlug-demo.hernangil.com\/?page_id=1190"},"modified":"2025-08-19T21:12:19","modified_gmt":"2025-08-19T19:12:19","slug":"samarbetsland-tanzania","status":"publish","type":"page","link":"https:\/\/tandlakareutangranser.se\/en\/samarbetsland-tanzania\/","title":{"rendered":"Samarbetsland Tanzania"},"content":{"rendered":"<p>[et_pb_section fb_built=&#8221;1&#8243; admin_label=&#8221;section&#8221; _builder_version=&#8221;4.16&#8243; global_colors_info=&#8221;{}&#8221;][et_pb_row admin_label=&#8221;row&#8221; _builder_version=&#8221;4.16&#8243; background_size=&#8221;initial&#8221; background_position=&#8221;top_left&#8221; background_repeat=&#8221;repeat&#8221; hover_enabled=&#8221;0&#8243; global_colors_info=&#8221;{}&#8221; sticky_enabled=&#8221;0&#8243;][et_pb_column type=&#8221;4_4&#8243; _builder_version=&#8221;4.16&#8243; custom_padding=&#8221;|||&#8221; global_colors_info=&#8221;{}&#8221; custom_padding__hover=&#8221;|||&#8221;][et_pb_text admin_label=&#8221;Text&#8221; _builder_version=&#8221;4.27.4&#8243; background_size=&#8221;initial&#8221; background_position=&#8221;top_left&#8221; background_repeat=&#8221;repeat&#8221; hover_enabled=&#8221;0&#8243; global_colors_info=&#8221;{}&#8221; sticky_enabled=&#8221;0&#8243;]<\/p>\n<h1><strong>SAMARBETSLAND TANZANIA<\/strong><\/h1>\n<p>&nbsp;<\/p>\n<hr class=\"wp-block-separator\" \/>\n<p><!-- \/divi:separator --> <!-- divi:heading {\"level\":4} --> <!-- \/divi:heading --> <!-- divi:separator --><\/p>\n<p>&nbsp;<\/p>\n<p><!-- \/divi:heading -->Tanzania is located south of the equator and is twice the size of Sweden. The climate varies, depending on whether you are on the coast or inland and also with the height above sea level. On the coast and islands, it is a tropical monsoon climate, while inland it is dry and hot. It is considered one of Africa's best safari countries with a varied animal kingdom. There are approximately 37 million inhabitants. The socio-economic differences are large with some larger cities having everything and far inland it is very poor. Overall, however, the country is considered poor. Tanzania has been independent since 1961 and was previously a protectorate.<\/p>\n<p>The country is severely affected by HIV\/AIDS and before anti-inflammatory drugs were available, many people died, mostly the parents' generation. This means that there are many orphans, even if they are healthy. Now, fortunately, there is brake medicine available free of charge from US AID. This means that \u00be of the country's population is under 18 years of age.<\/p>\n<p>There is no organized dental care. The largest part of dental care is provided in private clinics in the big cities as well as in hospitals run by various organizations and the state. It is mostly emergency dental care, extractions, surgery and prosthetic replacements for tooth loss that are carried out in the country.<\/p>\n<p>In Tanzania, Tandl\u00e4kare utan gr\u00e4nser (Dentists Without Borders) has 2 different cities that you can apply to as a volunteer:<\/p>\n<h2>Bukoba<\/h2>\n<p>Bukoba is a city in northwestern Tanzania, close to the west coast of Lake Victoria and a few miles south of the border with Uganda. This is one of TLUG's newest project cities, which means that you as a volunteer can contribute a lot of new knowledge to the population.<\/p>\n<p>The volunteer groups usually consist of 4 people consisting of dentists, dental hygienists, dental nurses, dental technicians and students. The trips are usually for a period of 2 weeks. As a volunteer for TLUG, you get to accompany and teach dental health in schools in the region, both students and staff will be present. The students are then screened and you as a volunteer get to do treatments such as ART repairs and fluoride varnishing, major emergency treatments such as extractions are referred to a local dentist. In addition to this, a practical review and training in toothbrush technique will also be carried out by the volunteers.<\/p>\n<p>You will live in a house on school grounds where the school staff cooks food for the group that you, as a volunteer, pay for yourself. It is from that base that you will then go out to schools in the area. The electronics are not completely reliable, so it is important to bring a headlamp or flashlight. The internet connection is also sporadic. On the weekends, as a volunteer, you get free time to organize your own activities such as safaris or other excursions.<\/p>\n<h2>Mufindi<\/h2>\n<p>We are looking for 4 volunteers: Dentists, dental hygienists, dental nurses and dental technicians are welcome to apply. As a volunteer for TLUG, you must come along for teaching dental health in schools, preschools and at the children's home and staff. We will screen everyone, but Bodil will then take care of the treatment. You will therefore not perform invasive dental care.<\/p>\n<p>The place for TLUG's effort is in a mountainous area inland, the journey takes at least 1 day depending on whether you drive or fly. The dentist Bodil Sandin who works there does it together with an NGO that has taken it upon itself to help 15 villages with different things. Orphanage, support for foster families, AIDS clinic, information about AIDS, home-based care, promote education. There are also Finnish doctors who volunteer.<\/p>\n<p>You will stay in a guest house and receive meals there that you pay for. Electricity is available with a generator 3 hours per evening. Mobile phone and internet on phone work with local cards most of the time. There are no shops.<\/p>\n<p>M\u00f6jlighet till safari i samband med hemresan kan man ordna sj\u00e4lv.<\/p>\n<p>&nbsp;<\/p>\n<hr class=\"wp-block-separator\" \/>\n<p><!-- \/divi:separator --> <!-- divi:heading {\"level\":4} --> <!-- \/divi:heading --> <!-- divi:separator --><\/p>\n<h2><\/h2>\n<p><!-- \/divi:paragraph --><\/p>\n<p>[\/et_pb_text][\/et_pb_column][\/et_pb_row][et_pb_row _builder_version=&#8221;4.27.4&#8243; _module_preset=&#8221;default&#8221; column_structure=&#8221;1_2,1_2&#8243; custom_margin=&#8221;|auto|50px|auto||&#8221;][et_pb_column _builder_version=&#8221;4.27.4&#8243; _module_preset=&#8221;default&#8221; type=&#8221;1_2&#8243;][et_pb_text _builder_version=&#8221;4.27.4&#8243; _module_preset=&#8221;default&#8221; hover_enabled=&#8221;0&#8243; sticky_enabled=&#8221;0&#8243;]<\/p>\n<h2><span style=\"text-decoration: underline;\">Landsansvariga<\/span><\/h2>\n<h4><strong>Dania Saleh &amp; Candan Kasim<\/strong><\/h4>\n<h5><a href=\"mailto:volontar@tandlakareutangranser.se\">volontar@tandlakareutangranser.se<\/a><\/h5>\n<p>[\/et_pb_text][\/et_pb_column][et_pb_column _builder_version=&#8221;4.27.4&#8243; _module_preset=&#8221;default&#8221; type=&#8221;1_2&#8243;][et_pb_text _builder_version=&#8221;4.27.4&#8243; _module_preset=&#8221;default&#8221; hover_enabled=&#8221;0&#8243; sticky_enabled=&#8221;0&#8243;]<\/p>\n<p><strong style=\"color: #333333; font-size: 30px;\">REGISTRATION:<\/strong><\/p>\n<p><span style=\"font-size: 14px;\">Send your application to <\/span><a href=\"mailto:volontar@tandlakareutangranser.se\">volontar@tandlakareutangranser.se<\/a><\/p>\n<p><span style=\"text-decoration: underline;\">We would like the following information from you:<\/span><\/p>\n<p><!-- divi:paragraph --><span style=\"font-size: 14px;\"><strong>1.<\/strong> Namn, efternamn<br \/><\/span><span style=\"font-size: 14px;\"><strong>2.<\/strong> Yrkeskategori och yrkesverksamma \u00e5r<br \/><\/span><span style=\"font-size: 14px;\"><strong>3.<\/strong> Har du varit volont\u00e4r tidigare i Sverige eller utlandet? I s\u00e5 fall n\u00e4r och var?<br \/><\/span><span style=\"font-size: 14px;\"><strong>4.<\/strong> Varf\u00f6r vill du vara volont\u00e4r hos oss?<br \/><\/span><!-- divi:paragraph --><strong>5.<\/strong> Personlig motivering och din syn p\u00e5 vad du kan tillf\u00f6ra projektet.<\/p>\n<p><strong>Tack f\u00f6r visat intresse &#8211; Vi kommer att svara s\u00e5 fort vi kan, vanligtvis inom 2-3 dagar!<\/strong><\/p>\n<p>[\/et_pb_text][\/et_pb_column][\/et_pb_row][\/et_pb_section]<\/p>","protected":false},"excerpt":{"rendered":"<p>SAMARBETSLAND TANZANIA &nbsp; &nbsp; Tanzania ligger s\u00f6der om ekvatorn och \u00e4r dubbelt s\u00e5 stort som Sverige. Klimatet varierar, beroende p\u00e5 om man \u00e4r vid kusten eller i inlandet och \u00e4ven med h\u00f6jden \u00f6ver havet. Vid kusten och \u00f6arna \u00e4r det ett tropiskt monsunklimat medan det i inlandet \u00e4r torrt och varmt. Det \u00e4r betraktat som [&hellip;]<\/p>","protected":false},"author":1,"featured_media":0,"parent":0,"menu_order":0,"comment_status":"closed","ping_status":"closed","template":"","meta":{"_et_pb_use_builder":"on","_et_pb_old_content":"<!-- wp:heading {\"level\":4} -->\n<h4>Landsansvarig: Bodil Sandin<br><strong>bodil@tandlakareutangranser.se<\/strong><\/h4>\n<!-- \/wp:heading -->\n\n<!-- wp:paragraph -->\n<p>Tanzania ligger s\u00f6der om ekvatorn och \u00e4r dubbelt s\u00e5 stort som Sverige. Klimatet varierar, beroende p\u00e5 om man \u00e4r vid kusten eller i inlandet och \u00e4ven med h\u00f6jden \u00f6ver havet. Det finns ca 37 miljoner inv\u00e5nare. N\u00e5gra stora st\u00e4der med allt och l\u00e5ngt bort i inlandet \u00e4r det mycket fattigt. Landet \u00e4r sj\u00e4lvst\u00e4ndigt sen 1961 och var tidigare ett protektorat.<\/p>\n<!-- \/wp:paragraph -->\n\n<!-- wp:paragraph -->\n<p>Landet \u00e4r h\u00e5rt drabbat av HIV\/AIDS och innan bromsmediciner fanns att tillg\u00e5 dog m\u00e5nga, f\u00f6r\u00e4ldragenerationen mest. Det g\u00f6r att det finns m\u00e5nga f\u00f6r\u00e4ldral\u00f6sa barn \u00e4ven om dom \u00e4r friska. \u00be av landets befolkning \u00e4r under 18 \u00e5r. Landet betraktas som fattigt. &nbsp;Aidsprevalensen \u00e4r 36%.&nbsp;Nu finns bromsmediciner, gratis av US AID, och prevalensen enligt FN \u00e4r nu 5%.<\/p>\n<!-- \/wp:paragraph -->\n\n<!-- wp:paragraph -->\n<p>N\u00e5gon organiserad tandv\u00e5rd finns inte. Det mesta tandv\u00e5rden sk\u00f6ts p\u00e5 privatkliniker i de stora st\u00e4derna och annars p\u00e5 sjukhus som drivs av olika organisationer och staten. Det \u00e4r mest akut tandv\u00e5rd, extraktioner och kirurgi och protetiska ers\u00e4ttningar av tandf\u00f6rluster.<\/p>\n<!-- \/wp:paragraph -->\n\n<!-- wp:paragraph -->\n<p>Vi s\u00f6ker 4 volont\u00e4rer: Tandl\u00e4kare, tandhygienister, tandsk\u00f6terskor och tandtekniker \u00e4r v\u00e4lkomna att s\u00f6ka. &nbsp;Som volont\u00e4r f\u00f6r TLUG ska du f\u00f6lja med f\u00f6r undervisning i tandh\u00e4lsa i skolor, f\u00f6rskolor och p\u00e5 barnhemmet och personal. Vi ska screena alla, men behandlingen sk\u00f6ter Bodil sedan. Du kommer allts\u00e5 inte att utf\u00f6ra invasiv tandv\u00e5rd.<\/p>\n<!-- \/wp:paragraph -->\n\n<!-- wp:image {\"id\":1044,\"width\":821,\"height\":616,\"sizeSlug\":\"full\",\"linkDestination\":\"custom\"} -->\n<figure class=\"wp-block-image size-full is-resized\"><img src=\"https:\/\/tandlakareutangranser.se\/wp-content\/uploads\/2022\/03\/IMG_8767-768x576-1.jpeg\" alt=\"\" class=\"wp-image-1044\" width=\"821\" height=\"616\"\/><\/figure>\n<!-- \/wp:image -->\n\n<!-- wp:paragraph -->\n<p><\/p>\n<!-- \/wp:paragraph -->\n\n<!-- wp:paragraph -->\n<p>Platsen f\u00f6r TLUG\u00b4s insats ligger i en bergstrakt i inlandet, resan tar minst 1 dag beroendet p\u00e5 om man \u00e5ker bil eller flyger. Tandl\u00e4karen Bodil Sandin som arbetar d\u00e4r g\u00f6r det tillsammans med en NGO som har tagit p\u00e5 sig att hj\u00e4lpa 15 byar med olika saker. Barnhem, st\u00f6d till fosterfamiljer, aidsklinik, information om Aids, homebased care, promota utbildning. Det finns \u00e4ven finsk l\u00e4kare som \u00e4r volont\u00e4r.<\/p>\n<!-- \/wp:paragraph -->\n\n<!-- wp:paragraph -->\n<p>Du kommer att bo i ett g\u00e4sthus och f\u00e5r m\u00e5ltider d\u00e4r som du betalar f\u00f6r. Str\u00f6m finns med generator 3 timmar per kv\u00e4ll. Mobiltelefon och internet p\u00e5 telefon fungerar med lokala kort f\u00f6r det mesta. Det finns inga aff\u00e4rer.<\/p>\n<!-- \/wp:paragraph -->\n\n<!-- wp:paragraph -->\n<p>M\u00f6jlighet till safari i samband md hemresan kan man ordna sj\u00e4lv.<\/p>\n<!-- \/wp:paragraph -->\n\n<!-- wp:heading -->\n<h2><a href=\"\/blog\/\">RESEBER\u00c4TTELSER<\/a><\/h2>\n<!-- \/wp:heading -->\n\n<!-- wp:paragraph -->\n<p><\/p>\n<!-- \/wp:paragraph -->\n\n<!-- wp:heading {\"level\":1} -->\n<h1><strong>ANM\u00c4LAN:<\/strong><\/h1>\n<!-- \/wp:heading -->\n\n<!-- wp:paragraph -->\n<p>Skicka din anm\u00e4lan till&nbsp;<strong>bodil@tandlakareutangranser.se<\/strong><\/p>\n<!-- \/wp:paragraph -->\n\n<!-- wp:paragraph -->\n<p>F\u00f6ljande information \u00f6nskar vi ha fr\u00e5n dig:<\/p>\n<!-- \/wp:paragraph -->\n\n<!-- wp:paragraph -->\n<p>1.-Namn, efternamn<\/p>\n<!-- \/wp:paragraph -->\n\n<!-- wp:paragraph -->\n<p>2.- Yrkeskategori och yrkesverksamma \u00e5r<\/p>\n<!-- \/wp:paragraph -->\n\n<!-- wp:paragraph -->\n<p>3.- Har du varit volont\u00e4r tidigare i Sverige eller utlandet? I s\u00e5 fall n\u00e4r och var?<\/p>\n<!-- \/wp:paragraph -->\n\n<!-- wp:paragraph -->\n<p>4.- Varf\u00f6r vill du vara volont\u00e4r hos oss?<\/p>\n<!-- \/wp:paragraph -->\n\n<!-- wp:paragraph -->\n<p>5.- Personlig motivering och din syn p\u00e5 vad du kan tillf\u00f6ra projektet<\/p>\n<!-- \/wp:paragraph -->\n\n<!-- wp:paragraph -->\n<p>Vi kommer att svara s\u00e5 fort vi kan!<\/p>\n<!-- \/wp:paragraph -->","_et_gb_content_width":"","inline_featured_image":false,"_themeisle_gutenberg_block_has_review":false,"footnotes":""},"class_list":["post-1190","page","type-page","status-publish","hentry"],"_links":{"self":[{"href":"https:\/\/tandlakareutangranser.se\/en\/wp-json\/wp\/v2\/pages\/1190","targetHints":{"allow":["GET"]}}],"collection":[{"href":"https:\/\/tandlakareutangranser.se\/en\/wp-json\/wp\/v2\/pages"}],"about":[{"href":"https:\/\/tandlakareutangranser.se\/en\/wp-json\/wp\/v2\/types\/page"}],"author":[{"embeddable":true,"href":"https:\/\/tandlakareutangranser.se\/en\/wp-json\/wp\/v2\/users\/1"}],"replies":[{"embeddable":true,"href":"https:\/\/tandlakareutangranser.se\/en\/wp-json\/wp\/v2\/comments?post=1190"}],"version-history":[{"count":6,"href":"https:\/\/tandlakareutangranser.se\/en\/wp-json\/wp\/v2\/pages\/1190\/revisions"}],"predecessor-version":[{"id":2932,"href":"https:\/\/tandlakareutangranser.se\/en\/wp-json\/wp\/v2\/pages\/1190\/revisions\/2932"}],"wp:attachment":[{"href":"https:\/\/tandlakareutangranser.se\/en\/wp-json\/wp\/v2\/media?parent=1190"}],"curies":[{"name":"wp","href":"https:\/\/api.w.org\/{rel}","templated":true}]}}