{"id":1192,"date":"2022-04-01T00:39:47","date_gmt":"2022-03-31T22:39:47","guid":{"rendered":"https:\/\/tlug-demo.hernangil.com\/?page_id=1192"},"modified":"2025-08-19T21:12:09","modified_gmt":"2025-08-19T19:12:09","slug":"samarbetsland-zimbabwe","status":"publish","type":"page","link":"https:\/\/tandlakareutangranser.se\/en\/samarbetsland-zimbabwe\/","title":{"rendered":"Samarbetsland Zimbabwe"},"content":{"rendered":"<p>[et_pb_section fb_built=&#8221;1&#8243; admin_label=&#8221;section&#8221; _builder_version=&#8221;4.16&#8243; global_colors_info=&#8221;{}&#8221;][et_pb_row admin_label=&#8221;row&#8221; _builder_version=&#8221;4.16&#8243; background_size=&#8221;initial&#8221; background_position=&#8221;top_left&#8221; background_repeat=&#8221;repeat&#8221; global_colors_info=&#8221;{}&#8221;][et_pb_column type=&#8221;4_4&#8243; _builder_version=&#8221;4.16&#8243; custom_padding=&#8221;|||&#8221; global_colors_info=&#8221;{}&#8221; custom_padding__hover=&#8221;|||&#8221;][et_pb_text admin_label=&#8221;Text&#8221; _builder_version=&#8221;4.27.4&#8243; background_size=&#8221;initial&#8221; background_position=&#8221;top_left&#8221; background_repeat=&#8221;repeat&#8221; hover_enabled=&#8221;0&#8243; global_colors_info=&#8221;{}&#8221; sticky_enabled=&#8221;0&#8243;]<\/p>\n<p><!-- divi:separator --><\/p>\n<h1><strong>SAMARBETSLAND ZIMBABWE<\/strong><\/h1>\n<p><strong><\/strong><\/p>\n<hr class=\"wp-block-separator\" \/>\n<p><!-- \/divi:separator --> <!-- divi:heading {\"level\":4} --> <!-- \/divi:heading --> <!-- divi:separator --><\/p>\n<p>Zimbabwe is located in southern Africa and is bordered to the south by the Limpopo River and to the north by the Zambezi River and borders Botswana, Zambia, South Africa and Mozambique. The country has no coastline and is located on a high plateau with the capital Harare at about 1530 m above sea level. The population consists of just over 16 million (2016) and over 60% are under 25 years of age. Official languages \u200b\u200bare English, Shona and Ndebele. The country has been hit hard by AIDS and it has put a heavy financial burden on the health sector. Dentistry is a 5-year course, and \"Dental therapists\" who have a 3-year course are also trained. It is estimated that there are 300 active dental care staff in the country.<\/p>\n<p><!-- \/divi:paragraph --> <!-- divi:paragraph -->Our partner for TLUG is Dr Advance Chingwena, active at the United Methodist Dental Clinic in central Harare and a teacher at the dental college. Out in the country, there are three satellite clinics: Old Mutare and Mutambara in the east towards Mozambique, as well as Nyadire northeast of Harare. Many people live in the areas, and there are schools as well as hospitals.<\/p>\n<p><!-- \/divi:paragraph --> <!-- divi:paragraph -->Swedes have helped to build up dental care within the United Methodist Church both in Harare and out in the countryside since the mid-1980s. Back then, dental care was SIDA-supported, but since 2003, the clinic that we collaborate with has managed completely on its own, despite the very difficult economic situation that has prevailed in the country.<\/p>\n<p><!-- \/divi:paragraph --> <!-- divi:paragraph -->TLUG has been active in Zimbabwe since 2009 with the work at the clinics outside the country. Preventive work is the cornerstone of the projects, but acute treatments are also carried out. Some cooperation has been carried out with the dental college in Harare and at the Newlands AIDS clinic, also in Harare.<\/p>\n<p><!-- \/divi:paragraph --> <!-- divi:paragraph -->Tandl\u00e4kare utan gr\u00e4nser (Dentists without borders) traveled with the first group of volunteers in January 2009, since then there have been two groups every year. The villages we have worked in are Old Mutare and Mutambara in the eastern part of the country.<\/p>\n<p><!-- \/divi:paragraph --> <!-- divi:paragraph -->In order to achieve long-term improved oral health, the volunteer groups now work primarily through so-called \"outreach\" at schools. During the visits to the schools, education, preventive care and emergency treatment are given to the students. Investment is also made in toothbrush projects, which mean that the children brush their teeth every day at school.<\/p>\n<p><!-- \/divi:paragraph --> <!-- divi:paragraph -->The volunteer trips usually last for about two weeks in February and June-July.<\/p>\n<p><!-- \/divi:paragraph --> <!-- divi:paragraph -->Feel free to learn our volunteers' great travel stories from previous projects. There you will get more information and a feeling of what it is like to participate in the Tandl\u00e4kare utan gr\u00e4nser (Dentists Without Borders) volunteer project!<\/p>\n<div class=\"wp-block-image\">\n<figure class=\"aligncenter size-full\"><img decoding=\"async\" src=\"https:\/\/tandlakareutangranser.se\/wp-content\/uploads\/2022\/04\/Zimbabwe-juli-2010.-077.jpg\" alt=\"\" class=\"wp-image-1193\" \/>Once we have visited Nyadire northeast of Harare and there are the same in terms of schools and hospitals except that there is also a teacher training college. Swedes have built up dental care within the United Methodist Church both in Harare and out in the countryside since the mid-1980s. Back then, dental care was SIDA-supported, but ever since 2003, the clinic that we collaborate with has managed entirely on its own despite the very difficult economic situation in the country.<\/figure>\n<p>&nbsp;<\/p>\n<hr class=\"wp-block-separator\" \/>\n<p><!-- \/divi:separator --> <!-- divi:heading {\"level\":4} --> <!-- \/divi:heading --> <!-- divi:separator --><\/p>\n<p>&nbsp;<\/p>\n<\/div>\n<p><!-- \/divi:paragraph --> <!-- divi:image {\"id\":1194,\"sizeSlug\":\"full\",\"linkDestination\":\"custom\"} --> <!-- \/divi:image --> <!-- divi:paragraph --><strong>Sources:<\/strong><br \/>WHO<br \/>Adams K. Zimbabwe: an eyewitness account. BMJ; British Medical Journal.<\/p>\n<p>&nbsp;<\/p>\n<hr class=\"wp-block-separator\" \/>\n<p><!-- \/divi:separator --> <!-- divi:heading {\"level\":4} --> <!-- \/divi:heading --> <!-- divi:separator --><\/p>\n<p>&nbsp;<\/p>\n<p><!-- \/divi:heading --> <!-- divi:heading --> <!-- \/divi:heading --><\/p>\n<p>[\/et_pb_text][\/et_pb_column][\/et_pb_row][et_pb_row column_structure=&#8221;1_2,1_2&#8243; _builder_version=&#8221;4.27.4&#8243; _module_preset=&#8221;default&#8221; custom_margin=&#8221;|auto|50px|auto||&#8221; global_colors_info=&#8221;{}&#8221;][et_pb_column type=&#8221;1_2&#8243; _builder_version=&#8221;4.27.4&#8243; _module_preset=&#8221;default&#8221; global_colors_info=&#8221;{}&#8221;][et_pb_text _builder_version=&#8221;4.27.4&#8243; _module_preset=&#8221;default&#8221; global_colors_info=&#8221;{}&#8221;]<\/p>\n<h2><span style=\"text-decoration: underline;\">Landsansvariga<\/span><\/h2>\n<h4><strong>Mina Karapet; Susan Sarwari &amp; Marta Do Nascimento<\/strong><\/h4>\n<h5><a href=\"mailto:volontar@tandlakareutangranser.se\">volontar@tandlakareutangranser.se<\/a><\/h5>\n<p>[\/et_pb_text][\/et_pb_column][et_pb_column type=&#8221;1_2&#8243; _builder_version=&#8221;4.27.4&#8243; _module_preset=&#8221;default&#8221; global_colors_info=&#8221;{}&#8221;][et_pb_button button_url=&#8221;\/evaluation-report-on-supervised-toothbrushing-project-of-dentists-without-border-of-sweden-tlug-in-zimbabwe&#8221; button_text=&#8221;TANDBORSTNINGSPROJEKT (RAPPORT)&#8221; button_alignment=&#8221;right&#8221; _builder_version=&#8221;4.27.4&#8243; _module_preset=&#8221;default&#8221; global_colors_info=&#8221;{}&#8221;][\/et_pb_button][\/et_pb_column][\/et_pb_row][\/et_pb_section]<\/p>","protected":false},"excerpt":{"rendered":"<p>SAMARBETSLAND ZIMBABWE Zimbabwe ligger i s\u00f6dra Afrika och begr\u00e4nsas i s\u00f6der av Limpopofloden och i norr av Zambezifloden samt gr\u00e4nsar mot Botswana, Zambia, Sydafrika och Mocambique. Landet har ingen kustlinje och ligger p\u00e5 en h\u00f6gplat\u00e5 med huvudstaden Harare p\u00e5 ca 1530 m\u00f6h. Befolkningen best\u00e5r av drygt 16 miljoner (2016) och \u00f6ver 60 % \u00e4r under [&hellip;]<\/p>","protected":false},"author":1,"featured_media":0,"parent":0,"menu_order":0,"comment_status":"closed","ping_status":"closed","template":"","meta":{"_et_pb_use_builder":"on","_et_pb_old_content":"<!-- wp:separator -->\n<hr class=\"wp-block-separator\"\/>\n<!-- \/wp:separator -->\n\n<!-- wp:heading {\"level\":4} -->\n<h4>Landsansvariga:<\/h4>\n<!-- \/wp:heading -->\n\n<!-- wp:heading {\"level\":4} -->\n<h4><strong>Jenny Mikhail<\/strong><\/h4>\n<!-- \/wp:heading -->\n\n<!-- wp:heading {\"level\":4} -->\n<h4><strong>Maloue Kant Eek<\/strong><\/h4>\n<!-- \/wp:heading -->\n\n<!-- wp:separator -->\n<hr class=\"wp-block-separator\"\/>\n<!-- \/wp:separator -->\n\n<!-- wp:paragraph -->\n<p>Zimbabwe ligger i s\u00f6dra Afrika och begr\u00e4nsas i s\u00f6der av Limpopofloden och i norr av Zambezifloden samt gr\u00e4nsar mot Botswana, Zambia, Sydafrika och Mocambique. Landet har ingen kustlinje och ligger p\u00e5 en h\u00f6gplat\u00e5 med huvudstaden Harare p\u00e5 ca 1530 m\u00f6h. Befolkningen best\u00e5r av drygt 16 miljoner (2016) och \u00f6ver 60 % \u00e4r under 25 \u00e5r. Officiella spr\u00e5k \u00e4r engelska, shona och ndebele. Landet har drabbats h\u00e5rt av AIDS och det har ekonomiskt belastat h\u00e4lsosektorn h\u00e5rt. Tandl\u00e4karutbildningen \u00e4r 5-\u00e5rig och dessutom utbildas \u201dDental terapeuts\u201d som har en 3-\u00e5rig utbildning. Uppskattningsvis finns det 300 verksam tandv\u00e5rdspersonal i landet.<\/p>\n<!-- \/wp:paragraph -->\n\n<!-- wp:paragraph -->\n<p>V\u00e5r samarbetspartner f\u00f6r TLUG \u00e4r Dr Advance Chingwena, verksam p\u00e5 United Methodist Dental Clinic i centrala Harare samt l\u00e4rare p\u00e5 tandl\u00e4karh\u00f6gskolan. Ute i landet finns det tre satellitkliniker: Old Mutare och Mutambara i \u00f6ster mot Mocambique, samt Nyadire nordost om Harare. I omr\u00e5dena bor m\u00e5nga m\u00e4nniskor, och det finns skolor s\u00e5v\u00e4l som sjukhus.<\/p>\n<!-- \/wp:paragraph -->\n\n<!-- wp:paragraph -->\n<p>Svenskar har hj\u00e4lp till att bygga upp tandv\u00e5rden inom United Methodist Church b\u00e5de i Harare och ute p\u00e5 landsbygden sedan 1980-talets mitt. D\u00e5 var tandv\u00e5rden SIDA-st\u00f6dd men sedan 2003 har kliniken som vi samarbetar med klarat sig helt p\u00e5 egen hand, trots det mycket sv\u00e5ra ekonomiska l\u00e4ge som r\u00e5tt i landet.<\/p>\n<!-- \/wp:paragraph -->\n\n<!-- wp:paragraph -->\n<p>TLUG har sedan 2009 varit verksamma i Zimbabwe med arbetet p\u00e5 klinikerna ute i landet. F\u00f6rebyggande arbete \u00e4r grundstenen i projekten men \u00e4ven akuta behandlingar utf\u00f6rs. Visst samarbete har bedrivits med tandl\u00e4karh\u00f6gskolan i Harare och p\u00e5 Newlands AIDS klinik, ocks\u00e5 i Harare.<\/p>\n<!-- \/wp:paragraph -->\n\n<!-- wp:paragraph -->\n<p>Tandl\u00e4kare utan gr\u00e4nser reste med f\u00f6rsta volont\u00e4rsgruppen i januari 2009, sedan dess har det varit tv\u00e5 grupper varje \u00e5r. De byar som vi har arbetat i \u00e4r Old Mutare och Mutambara i den \u00f6stra delen av landet.<\/p>\n<!-- \/wp:paragraph -->\n\n<!-- wp:paragraph -->\n<p>F\u00f6r att uppn\u00e5 l\u00e5ngsiktig f\u00f6rb\u00e4ttrad oral h\u00e4lsa jobbar numera volont\u00e4rgrupperna fr\u00e4mst genom s\u00e5 kallad \u201doutreach\u201d p\u00e5 skolor. Under bes\u00f6ken p\u00e5 skolorna ges utbildning, f\u00f6rebyggande v\u00e5rd samt akutbehandling till eleverna. Det satsas \u00e4ven p\u00e5 tandborstprojekt som inneb\u00e4r att barnen borstar t\u00e4nderna varje dag i skolan.<\/p>\n<!-- \/wp:paragraph -->\n\n<!-- wp:paragraph -->\n<p>Volont\u00e4rresorna brukar p\u00e5g\u00e5 i cirka tv\u00e5 veckor i februari och juni-juli.<\/p>\n<!-- \/wp:paragraph -->\n\n<!-- wp:paragraph -->\n<p>L\u00e4r g\u00e4rna v\u00e5ra volont\u00e4rers fina reseber\u00e4ttelser fr\u00e5n tidigare projekt. D\u00e4r f\u00e5r du mer information och en k\u00e4nsla av hur det \u00e4r att delta i Tandl\u00e4kare utan gr\u00e4nsers volont\u00e4rprojekt!<\/p>\n<!-- \/wp:paragraph -->\n\n<!-- wp:image {\"align\":\"center\",\"id\":1193,\"sizeSlug\":\"full\",\"linkDestination\":\"custom\"} -->\n<div class=\"wp-block-image\"><figure class=\"aligncenter size-full\"><img src=\"https:\/\/tandlakareutangranser.se\/wp-content\/uploads\/2022\/04\/Zimbabwe-juli-2010.-077.jpg\" alt=\"\" class=\"wp-image-1193\"\/><\/figure><\/div>\n<!-- \/wp:image -->\n\n<!-- wp:paragraph -->\n<p>&nbsp;En enda g\u00e5ng har vi bes\u00f6kt Nyadire nord\u00f6st om Harare och d\u00e4r finns detsamma vad g\u00e4ller skolor och sjukhus f\u00f6rutom att det finns ocks\u00e5 en l\u00e4rarh\u00f6gskola. Svenskar har byggt upp tandv\u00e5rden inom United Methodist Church b\u00e5de i Harare och ute p\u00e5 landsbygden sedan 1980-talets mitt. D\u00e5 var tandv\u00e5rden SIDA-st\u00f6dd men alltsedan 2003 har kliniken som vi samarbetar med klarat sig helt och h\u00e5llet p\u00e5 egen hand trots det mycket sv\u00e5ra ekonomiska l\u00e4ge som r\u00e5tt i landet.<\/p>\n<!-- \/wp:paragraph -->\n\n<!-- wp:image {\"id\":1194,\"sizeSlug\":\"full\",\"linkDestination\":\"custom\"} -->\n<figure class=\"wp-block-image size-full\"><img src=\"https:\/\/tandlakareutangranser.se\/wp-content\/uploads\/2022\/04\/Zimbabwe-2012-150-1024x576-1.jpeg\" alt=\"\" class=\"wp-image-1194\"\/><\/figure>\n<!-- \/wp:image -->\n\n<!-- wp:paragraph -->\n<p>K\u00e4llor:<\/p>\n<!-- \/wp:paragraph -->\n\n<!-- wp:paragraph -->\n<p>WHO<br>Adams K. Zimbabwe: an eyewitness account. BMJ; British Medical Journal.<\/p>\n<!-- \/wp:paragraph -->\n\n<!-- wp:heading -->\n<h2><a href=\"\/evaluation-report-on-supervised-toothbrushing-project-of-dentists-without-border-of-sweden-tlug-in-zimbabwe\">TANDBORSTNINGSPROJEKT (RAPPORT)<\/a><\/h2>\n<!-- \/wp:heading -->\n\n<!-- wp:heading -->\n<h2><a href=\"\/blog\/\">RESEBER\u00c4TTELSER<\/a><\/h2>\n<!-- \/wp:heading -->","_et_gb_content_width":"","inline_featured_image":false,"_themeisle_gutenberg_block_has_review":false,"footnotes":""},"class_list":["post-1192","page","type-page","status-publish","hentry"],"_links":{"self":[{"href":"https:\/\/tandlakareutangranser.se\/en\/wp-json\/wp\/v2\/pages\/1192","targetHints":{"allow":["GET"]}}],"collection":[{"href":"https:\/\/tandlakareutangranser.se\/en\/wp-json\/wp\/v2\/pages"}],"about":[{"href":"https:\/\/tandlakareutangranser.se\/en\/wp-json\/wp\/v2\/types\/page"}],"author":[{"embeddable":true,"href":"https:\/\/tandlakareutangranser.se\/en\/wp-json\/wp\/v2\/users\/1"}],"replies":[{"embeddable":true,"href":"https:\/\/tandlakareutangranser.se\/en\/wp-json\/wp\/v2\/comments?post=1192"}],"version-history":[{"count":7,"href":"https:\/\/tandlakareutangranser.se\/en\/wp-json\/wp\/v2\/pages\/1192\/revisions"}],"predecessor-version":[{"id":2931,"href":"https:\/\/tandlakareutangranser.se\/en\/wp-json\/wp\/v2\/pages\/1192\/revisions\/2931"}],"wp:attachment":[{"href":"https:\/\/tandlakareutangranser.se\/en\/wp-json\/wp\/v2\/media?parent=1192"}],"curies":[{"name":"wp","href":"https:\/\/api.w.org\/{rel}","templated":true}]}}