{"id":166,"date":"2020-06-16T08:00:06","date_gmt":"2020-06-16T06:00:06","guid":{"rendered":"https:\/\/tlug-demo.hernangil.com\/?page_id=166"},"modified":"2025-11-10T22:36:47","modified_gmt":"2025-11-10T21:36:47","slug":"blog","status":"publish","type":"page","link":"https:\/\/tandlakareutangranser.se\/en\/blog\/","title":{"rendered":"Blog"},"content":{"rendered":"<p>[et_pb_section fb_built=&#8221;1&#8243; custom_padding_last_edited=&#8221;on|phone&#8221; admin_label=&#8221;Header&#8221; _builder_version=&#8221;4.16&#8243; background_enable_color=&#8221;off&#8221; background_enable_image=&#8221;off&#8221; background_position=&#8221;top_center&#8221; custom_padding=&#8221;0px|||||&#8221; custom_padding_tablet=&#8221;||0vw|&#8221; custom_padding_phone=&#8221;&#8221; bottom_divider_height=&#8221;80%&#8221; bottom_divider_repeat=&#8221;0.6x&#8221; bottom_divider_flip=&#8221;vertical|horizontal&#8221; global_colors_info=&#8221;{}&#8221;][et_pb_row _builder_version=&#8221;4.16&#8243; custom_margin=&#8221;100px||&#8221; custom_margin_tablet=&#8221;||&#8221; custom_margin_phone=&#8221;0px|||&#8221; custom_margin_last_edited=&#8221;on|tablet&#8221; global_colors_info=&#8221;{}&#8221;][et_pb_column type=&#8221;4_4&#8243; _builder_version=&#8221;4.16&#8243; custom_padding=&#8221;|||&#8221; global_colors_info=&#8221;{}&#8221; custom_padding__hover=&#8221;|||&#8221;][et_pb_text _builder_version=&#8221;4.16&#8243; header_font=&#8221;|600|||||||&#8221; header_text_color=&#8221;#002855&#8243; header_font_size=&#8221;70px&#8221; header_letter_spacing=&#8221;1px&#8221; header_line_height=&#8221;1.2em&#8221; text_orientation=&#8221;center&#8221; max_width=&#8221;800px&#8221; module_alignment=&#8221;center&#8221; header_font_size_tablet=&#8221;40px&#8221; header_font_size_phone=&#8221;34px&#8221; header_font_size_last_edited=&#8221;on|desktop&#8221; header_letter_spacing_tablet=&#8221;0px&#8221; header_letter_spacing_phone=&#8221;0px&#8221; header_letter_spacing_last_edited=&#8221;on|tablet&#8221; global_colors_info=&#8221;{}&#8221;]<\/p>\n<h1>Travel stories<\/h1>\n<p>[\/et_pb_text][et_pb_text _builder_version=&#8221;4.16&#8243; text_font=&#8221;Open Sans||||||||&#8221; text_font_size=&#8221;17px&#8221; text_letter_spacing=&#8221;0.5px&#8221; text_line_height=&#8221;2em&#8221; transform_scale_tablet=&#8221;&#8221; transform_scale_phone=&#8221;&#8221; transform_scale_last_edited=&#8221;on|desktop&#8221; transform_translate_tablet=&#8221;&#8221; transform_translate_phone=&#8221;&#8221; transform_translate_last_edited=&#8221;on|desktop&#8221; transform_rotate_tablet=&#8221;&#8221; transform_rotate_phone=&#8221;&#8221; transform_rotate_last_edited=&#8221;on|desktop&#8221; transform_skew_tablet=&#8221;&#8221; transform_skew_phone=&#8221;&#8221; transform_skew_last_edited=&#8221;on|desktop&#8221; transform_origin_tablet=&#8221;&#8221; transform_origin_phone=&#8221;&#8221; transform_origin_last_edited=&#8221;on|desktop&#8221; transform_styles_last_edited=&#8221;on|desktop&#8221; text_orientation=&#8221;center&#8221; max_width=&#8221;800px&#8221; module_alignment=&#8221;center&#8221; text_font_size_tablet=&#8221;16px&#8221; text_font_size_phone=&#8221;14px&#8221; text_font_size_last_edited=&#8221;on|phone&#8221; text_letter_spacing_tablet=&#8221;&#8221; text_letter_spacing_phone=&#8221;0px&#8221; text_letter_spacing_last_edited=&#8221;on|tablet&#8221; transform_styles_tablet=&#8221;&#8221; transform_styles_phone=&#8221;&#8221; global_colors_info=&#8221;{}&#8221;]<\/p>\n<p><span>Tandl\u00e4kare utan gr\u00e4nse (Dentists without borders) thanks all our volunteers for their efforts. Each volunteer experiences the work in a different way. Some volunteers are sent to different locations with the same focus. Here you can read about their experiences and get an insight into what it's like to work out in the field.<\/span><\/p>\n<p>[\/et_pb_text][\/et_pb_column][\/et_pb_row][\/et_pb_section][et_pb_section fb_built=&#8221;1&#8243; admin_label=&#8221;Video&#8221; _builder_version=&#8221;4.16&#8243; background_color=&#8221;#f7f7f7&#8243; custom_padding=&#8221;5vw||5vw||true&#8221; locked=&#8221;off&#8221; global_colors_info=&#8221;{}&#8221;][et_pb_row column_structure=&#8221;1_2,1_2&#8243; use_custom_gutter=&#8221;on&#8221; _builder_version=&#8221;4.16&#8243; global_colors_info=&#8221;{}&#8221;][et_pb_column type=&#8221;1_2&#8243; _builder_version=&#8221;4.16&#8243; custom_padding=&#8221;|||&#8221; custom_padding_tablet=&#8221;||5vw&#8221; custom_padding_phone=&#8221;&#8221; custom_padding_last_edited=&#8221;on|phone&#8221; global_colors_info=&#8221;{}&#8221; padding_tablet=&#8221;||5vw&#8221; padding_last_edited=&#8221;on|phone&#8221; custom_padding__hover=&#8221;|||&#8221; padding_phone=&#8221;||5vw&#8221;][et_pb_text _builder_version=&#8221;4.16&#8243; header_font=&#8221;||||||||&#8221; header_2_font=&#8221;Noto Serif||||||||&#8221; header_2_font_size=&#8221;40px&#8221; header_2_line_height=&#8221;1.4em&#8221; header_2_font_size_tablet=&#8221;30px&#8221; header_2_font_size_phone=&#8221;24px&#8221; header_2_font_size_last_edited=&#8221;on|phone&#8221; locked=&#8221;off&#8221; global_colors_info=&#8221;{}&#8221;]<\/p>\n<h2><span>Jenny Mikhail shares<\/span> her experience working as a volunteer for Tandl\u00e4kare utan gr\u00e4nser (Dentists Without Borders).<\/h2>\n<p>[\/et_pb_text][\/et_pb_column][et_pb_column type=&#8221;1_2&#8243; _builder_version=&#8221;4.16&#8243; custom_padding=&#8221;|||&#8221; global_colors_info=&#8221;{}&#8221; custom_padding__hover=&#8221;|||&#8221;][et_pb_video src=&#8221;https:\/\/youtu.be\/La4eRH76bJ8&#8243; thumbnail_overlay_color=&#8221;rgba(0,0,0,0.6)&#8221; _builder_version=&#8221;4.16&#8243; custom_margin=&#8221;||0px&#8221; animation_style=&#8221;slide&#8221; animation_direction=&#8221;top&#8221; animation_intensity_slide=&#8221;1%&#8221; border_radii=&#8221;|10px|10px||&#8221; locked=&#8221;off&#8221; global_colors_info=&#8221;{}&#8221;][\/et_pb_video][\/et_pb_column][\/et_pb_row][\/et_pb_section][et_pb_section fb_built=&#8221;1&#8243; admin_label=&#8221;Blog&#8221; _builder_version=&#8221;4.16&#8243; global_colors_info=&#8221;{}&#8221;][et_pb_row custom_padding_last_edited=&#8221;on|phone&#8221; _builder_version=&#8221;4.16&#8243; background_color=&#8221;#ffffff&#8221; background_position=&#8221;bottom_left&#8221; width_tablet=&#8221;90%&#8221; width_phone=&#8221;&#8221; width_last_edited=&#8221;on|tablet&#8221; max_width=&#8221;1280px&#8221; custom_padding=&#8221;26px|80px|26px|80px|true|true&#8221; custom_padding_tablet=&#8221;|40px||40px||true&#8221; custom_padding_phone=&#8221;|20px||20px||true&#8221; border_radii=&#8221;on|8px|8px|8px|8px&#8221; border_width_all=&#8221;2px&#8221; border_color_all=&#8221;rgba(0,0,0,0.1)&#8221; box_shadow_style=&#8221;preset1&#8243; box_shadow_vertical=&#8221;70px&#8221; box_shadow_blur=&#8221;100px&#8221; box_shadow_color=&#8221;rgba(0,0,0,0.06)&#8221; global_colors_info=&#8221;{}&#8221;][et_pb_column type=&#8221;4_4&#8243; _builder_version=&#8221;4.16&#8243; custom_padding=&#8221;|||&#8221; global_colors_info=&#8221;{}&#8221; custom_padding__hover=&#8221;|||&#8221;][et_pb_text _builder_version=&#8221;4.16&#8243; global_colors_info=&#8221;{}&#8221;]<\/p>\n<h1>Zimbabwe<\/h1>\n<p>[\/et_pb_text][et_pb_blog_extras posts_number=&#8221;3&#8243; include_categories=&#8221;18&#8243; blog_layout=&#8221;slider&#8221; slider_layout=&#8221;block_extended&#8221; show_author=&#8221;off&#8221; show_date=&#8221;off&#8221; show_comments=&#8221;off&#8221; show_read_time=&#8221;on&#8221; slides_per_view=&#8221;3&#8243; space_between_slides=&#8221;10px&#8221; equalize_slides_height=&#8221;off&#8221; slider_loop=&#8221;on&#8221; autoplay_speed=&#8221;2000&#8243; show_arrow=&#8221;on&#8221; show_control_dot=&#8221;on&#8221; control_dot_style=&#8221;rounded_line&#8221; _builder_version=&#8221;4.27.0&#8243; global_colors_info=&#8221;{}&#8221;][\/et_pb_blog_extras][\/et_pb_column][\/et_pb_row][et_pb_row custom_padding_last_edited=&#8221;on|phone&#8221; _builder_version=&#8221;4.16&#8243; background_color=&#8221;#ffffff&#8221; background_position=&#8221;bottom_left&#8221; width_tablet=&#8221;90%&#8221; width_phone=&#8221;&#8221; width_last_edited=&#8221;on|tablet&#8221; max_width=&#8221;1280px&#8221; custom_padding=&#8221;26px|80px|26px|80px|true|true&#8221; custom_padding_tablet=&#8221;|40px||40px||true&#8221; custom_padding_phone=&#8221;|20px||20px||true&#8221; border_radii=&#8221;on|8px|8px|8px|8px&#8221; border_width_all=&#8221;2px&#8221; border_color_all=&#8221;rgba(0,0,0,0.1)&#8221; box_shadow_style=&#8221;preset1&#8243; box_shadow_vertical=&#8221;70px&#8221; box_shadow_blur=&#8221;100px&#8221; box_shadow_color=&#8221;rgba(0,0,0,0.06)&#8221; global_colors_info=&#8221;{}&#8221;][et_pb_column type=&#8221;4_4&#8243; _builder_version=&#8221;4.16&#8243; custom_padding=&#8221;|||&#8221; global_colors_info=&#8221;{}&#8221; custom_padding__hover=&#8221;|||&#8221;][et_pb_text _builder_version=&#8221;4.16&#8243; global_colors_info=&#8221;{}&#8221;]<\/p>\n<h1>Tanzania<\/h1>\n<p>[\/et_pb_text][et_pb_blog_extras include_categories=&#8221;19&#8243; blog_layout=&#8221;slider&#8221; slider_layout=&#8221;block_extended&#8221; show_author=&#8221;off&#8221; show_date=&#8221;off&#8221; show_comments=&#8221;off&#8221; show_read_time=&#8221;on&#8221; slides_per_view=&#8221;3&#8243; space_between_slides=&#8221;10px&#8221; equalize_slides_height=&#8221;off&#8221; slider_loop=&#8221;on&#8221; autoplay_speed=&#8221;2000&#8243; show_arrow=&#8221;on&#8221; show_control_dot=&#8221;on&#8221; control_dot_style=&#8221;rounded_line&#8221; slides_per_view_tablet=&#8221;&#8221; slides_per_view_phone=&#8221;1&#8243; slides_per_view_last_edited=&#8221;on|phone&#8221; space_between_slides_tablet=&#8221;&#8221; space_between_slides_phone=&#8221;&#8221; space_between_slides_last_edited=&#8221;on|desktop&#8221; _builder_version=&#8221;4.24.2&#8243; global_colors_info=&#8221;{}&#8221;][\/et_pb_blog_extras][\/et_pb_column][\/et_pb_row][et_pb_row custom_padding_last_edited=&#8221;on|phone&#8221; _builder_version=&#8221;4.16&#8243; background_color=&#8221;#ffffff&#8221; background_position=&#8221;bottom_left&#8221; width_tablet=&#8221;90%&#8221; width_phone=&#8221;&#8221; width_last_edited=&#8221;on|tablet&#8221; max_width=&#8221;1280px&#8221; custom_padding=&#8221;26px|80px|26px|80px|true|true&#8221; custom_padding_tablet=&#8221;|40px||40px||true&#8221; custom_padding_phone=&#8221;|20px||20px||true&#8221; border_radii=&#8221;on|8px|8px|8px|8px&#8221; border_width_all=&#8221;2px&#8221; border_color_all=&#8221;rgba(0,0,0,0.1)&#8221; box_shadow_style=&#8221;preset1&#8243; box_shadow_vertical=&#8221;70px&#8221; box_shadow_blur=&#8221;100px&#8221; box_shadow_color=&#8221;rgba(0,0,0,0.06)&#8221; global_colors_info=&#8221;{}&#8221;][et_pb_column type=&#8221;4_4&#8243; _builder_version=&#8221;4.16&#8243; custom_padding=&#8221;|||&#8221; global_colors_info=&#8221;{}&#8221; custom_padding__hover=&#8221;|||&#8221;][et_pb_text _builder_version=&#8221;4.16.0&#8243; global_colors_info=&#8221;{}&#8221;]<\/p>\n<h1>Filippinerna<\/h1>\n<p>[\/et_pb_text][et_pb_blog_extras include_categories=&#8221;8&#8243; blog_layout=&#8221;slider&#8221; slider_layout=&#8221;block_extended&#8221; show_author=&#8221;off&#8221; show_date=&#8221;off&#8221; show_comments=&#8221;off&#8221; show_read_time=&#8221;on&#8221; slides_per_view=&#8221;3&#8243; space_between_slides=&#8221;10px&#8221; equalize_slides_height=&#8221;off&#8221; slider_loop=&#8221;on&#8221; autoplay_speed=&#8221;2000&#8243; show_arrow=&#8221;on&#8221; show_control_dot=&#8221;on&#8221; control_dot_style=&#8221;rounded_line&#8221; slides_per_view_tablet=&#8221;&#8221; slides_per_view_phone=&#8221;1&#8243; slides_per_view_last_edited=&#8221;on|phone&#8221; slides_per_group_tablet=&#8221;&#8221; slides_per_group_phone=&#8221;1&#8243; slides_per_group_last_edited=&#8221;on|phone&#8221; _builder_version=&#8221;4.24.2&#8243; global_colors_info=&#8221;{}&#8221;][\/et_pb_blog_extras][\/et_pb_column][\/et_pb_row][et_pb_row custom_padding_last_edited=&#8221;on|phone&#8221; _builder_version=&#8221;4.16&#8243; background_color=&#8221;#ffffff&#8221; background_position=&#8221;bottom_left&#8221; width_tablet=&#8221;90%&#8221; width_phone=&#8221;&#8221; width_last_edited=&#8221;on|tablet&#8221; max_width=&#8221;1280px&#8221; custom_padding=&#8221;26px|80px|26px|80px|true|true&#8221; custom_padding_tablet=&#8221;|40px||40px||true&#8221; custom_padding_phone=&#8221;|20px||20px||true&#8221; border_radii=&#8221;on|8px|8px|8px|8px&#8221; border_width_all=&#8221;2px&#8221; border_color_all=&#8221;rgba(0,0,0,0.1)&#8221; box_shadow_style=&#8221;preset1&#8243; box_shadow_vertical=&#8221;70px&#8221; box_shadow_blur=&#8221;100px&#8221; box_shadow_color=&#8221;rgba(0,0,0,0.06)&#8221; global_colors_info=&#8221;{}&#8221;][et_pb_column type=&#8221;4_4&#8243; _builder_version=&#8221;4.16&#8243; custom_padding=&#8221;|||&#8221; global_colors_info=&#8221;{}&#8221; custom_padding__hover=&#8221;|||&#8221;][et_pb_text _builder_version=&#8221;4.16&#8243; global_colors_info=&#8221;{}&#8221;]<\/p>\n<h1>Uganda<\/h1>\n<p>[\/et_pb_text][et_pb_blog_extras include_categories=&#8221;21&#8243; blog_layout=&#8221;block_extended&#8221; show_author=&#8221;off&#8221; show_date=&#8221;off&#8221; show_comments=&#8221;off&#8221; show_read_time=&#8221;on&#8221; _builder_version=&#8221;4.27.4&#8243; hover_enabled=&#8221;0&#8243; global_colors_info=&#8221;{}&#8221; sticky_enabled=&#8221;0&#8243;][\/et_pb_blog_extras][\/et_pb_column][\/et_pb_row][et_pb_row custom_padding_last_edited=&#8221;on|phone&#8221; _builder_version=&#8221;4.16&#8243; background_color=&#8221;#ffffff&#8221; background_position=&#8221;bottom_left&#8221; width_tablet=&#8221;90%&#8221; width_phone=&#8221;&#8221; width_last_edited=&#8221;on|tablet&#8221; max_width=&#8221;1280px&#8221; custom_padding=&#8221;26px|80px|26px|80px|true|true&#8221; custom_padding_tablet=&#8221;|40px||40px||true&#8221; custom_padding_phone=&#8221;|20px||20px||true&#8221; border_radii=&#8221;on|8px|8px|8px|8px&#8221; border_width_all=&#8221;2px&#8221; border_color_all=&#8221;rgba(0,0,0,0.1)&#8221; box_shadow_style=&#8221;preset1&#8243; box_shadow_vertical=&#8221;70px&#8221; box_shadow_blur=&#8221;100px&#8221; box_shadow_color=&#8221;rgba(0,0,0,0.06)&#8221; global_colors_info=&#8221;{}&#8221;][et_pb_column type=&#8221;4_4&#8243; _builder_version=&#8221;4.16&#8243; custom_padding=&#8221;|||&#8221; global_colors_info=&#8221;{}&#8221; custom_padding__hover=&#8221;|||&#8221;][et_pb_text _builder_version=&#8221;4.16&#8243; global_colors_info=&#8221;{}&#8221;]<\/p>\n<h1>Burkina Faso<\/h1>\n<p>[\/et_pb_text][et_pb_blog_extras include_categories=&#8221;16&#8243; blog_layout=&#8221;block_extended&#8221; show_author=&#8221;off&#8221; show_date=&#8221;off&#8221; show_comments=&#8221;off&#8221; show_read_time=&#8221;on&#8221; _builder_version=&#8221;4.24.2&#8243; hover_enabled=&#8221;0&#8243; global_colors_info=&#8221;{}&#8221; sticky_enabled=&#8221;0&#8243;][\/et_pb_blog_extras][\/et_pb_column][\/et_pb_row][\/et_pb_section][et_pb_section fb_built=&#8221;1&#8243; admin_label=&#8221;Footer&#8221; _builder_version=&#8221;4.4.8&#8243; background_color=&#8221;#151f33&#8243; custom_padding=&#8221;80px||8vw||false&#8221; global_module=&#8221;306&#8243; saved_tabs=&#8221;all&#8221; global_colors_info=&#8221;{}&#8221;][et_pb_row column_structure=&#8221;1_3,1_3,1_3&#8243; _builder_version=&#8221;4.16&#8243; global_colors_info=&#8221;{}&#8221;][et_pb_column type=&#8221;1_3&#8243; _builder_version=&#8221;4.16&#8243; custom_padding=&#8221;|||&#8221; global_colors_info=&#8221;{}&#8221; custom_padding__hover=&#8221;|||&#8221;][et_pb_text ul_type=&#8221;square&#8221; _builder_version=&#8221;4.16&#8243; text_font=&#8221;||||||||&#8221; link_font=&#8221;||||||||&#8221; link_text_color=&#8221;#ffba5a&#8221; ul_font=&#8221;||||||||&#8221; quote_font=&#8221;||||||||&#8221; locked=&#8221;off&#8221; global_colors_info=&#8221;{}&#8221;]<\/p>\n<ul>\n<li><a href=\"\/en\/bli-medlem\/\">Be a member<\/a><\/li>\n<li><a href=\"\/en\/ge-ett-bidrag\/\">Make a contribution<\/a><\/li>\n<li><a href=\"\/en\/bli-volontar\/\">Become a volunteer<\/a><\/li>\n<li><a href=\"\/en\/fragor-och-svar\/\">Questions and answers<\/a><\/li>\n<\/ul>\n<p>[\/et_pb_text][\/et_pb_column][et_pb_column type=&#8221;1_3&#8243; _builder_version=&#8221;4.16&#8243; custom_padding=&#8221;|||&#8221; global_colors_info=&#8221;{}&#8221; custom_padding__hover=&#8221;|||&#8221;][et_pb_text ul_type=&#8221;square&#8221; _builder_version=&#8221;4.16.0&#8243; text_font=&#8221;||||||||&#8221; link_font=&#8221;||||||||&#8221; link_text_color=&#8221;#ffba5a&#8221; ul_font=&#8221;||||||||&#8221; quote_font=&#8221;||||||||&#8221; locked=&#8221;off&#8221; global_colors_info=&#8221;{}&#8221;]<\/p>\n<ul>\n<li><a href=\"\/en\/styrelsen\/\">The board<\/a><\/li>\n<li><a href=\"\/en\/partners-vanforetag\/\">Partner &amp; friend company<\/a><\/li>\n<li><a href=\"\/en\/arbetsgrupper\/\">Working groups<\/a><\/li>\n<li><a href=\"\/en\/om-oss\/logotyper\/\">Logotypes<\/a><\/li>\n<\/ul>\n<p>[\/et_pb_text][\/et_pb_column][et_pb_column type=&#8221;1_3&#8243; _builder_version=&#8221;4.16&#8243; custom_padding=&#8221;|||&#8221; global_colors_info=&#8221;{}&#8221; custom_padding__hover=&#8221;|||&#8221;][et_pb_social_media_follow _builder_version=&#8221;4.16.0&#8243; border_radii=&#8221;on|50px|50px|50px|50px&#8221; border_width_all=&#8221;3px&#8221; border_color_all=&#8221;rgba(255,255,255,0.15)&#8221; global_colors_info=&#8221;{}&#8221;][et_pb_social_media_follow_network social_network=&#8221;facebook&#8221; url=&#8221;https:\/\/www.facebook.com\/tandlakareutangranser\/&#8221; _builder_version=&#8221;4.16.0&#8243; custom_padding=&#8221;10px|10px|10px|10px|true|true&#8221; global_colors_info=&#8221;{}&#8221; follow_button=&#8221;off&#8221; url_new_window=&#8221;on&#8221;]facebook[\/et_pb_social_media_follow_network][et_pb_social_media_follow_network social_network=&#8221;twitter&#8221; url=&#8221;https:\/\/twitter.com\/tdlutangranser&#8221; _builder_version=&#8221;4.16.0&#8243; custom_padding=&#8221;10px|10px|10px|10px|true|true&#8221; global_colors_info=&#8221;{}&#8221; follow_button=&#8221;off&#8221; url_new_window=&#8221;on&#8221;]twitter[\/et_pb_social_media_follow_network][et_pb_social_media_follow_network social_network=&#8221;linkedin&#8221; url=&#8221;https:\/\/www.linkedin.com\/in\/tandl%C3%A4kare-utan-gr%C3%A4nser-45293567\/&#8221; _builder_version=&#8221;4.16.0&#8243; custom_padding=&#8221;10px|10px|10px|10px|true|true&#8221; global_colors_info=&#8221;{}&#8221; follow_button=&#8221;off&#8221; url_new_window=&#8221;on&#8221;]linkedin[\/et_pb_social_media_follow_network][et_pb_social_media_follow_network social_network=&#8221;instagram&#8221; url=&#8221;https:\/\/www.instagram.com\/tandlakareutangranser\/&#8221; _builder_version=&#8221;4.16.0&#8243; background_enable_color=&#8221;off&#8221; custom_padding=&#8221;10px|10px|10px|10px|true|true&#8221; global_colors_info=&#8221;{}&#8221; follow_button=&#8221;off&#8221; url_new_window=&#8221;on&#8221;]instagram[\/et_pb_social_media_follow_network][\/et_pb_social_media_follow][\/et_pb_column][\/et_pb_row][\/et_pb_section]<\/p>","protected":false},"excerpt":{"rendered":"<p>Reseber\u00e4ttelserTandl\u00e4kare utan gr\u00e4nser tackar alla v\u00e5ra volont\u00e4rer f\u00f6r deras insatser. Varje volont\u00e4r upplever arbetet p\u00e5 olika s\u00e4tt. Vissa volont\u00e4rer skickas till olika orter med samma fokus. H\u00e4r kan du l\u00e4sa om deras upplevelser och f\u00e5 en inblick i hur det \u00e4r att arbeta ute p\u00e5 f\u00e4ltet.Jenny Mikhail ber\u00e4ttar om hur det \u00e4r att arbeta som [&hellip;]<\/p>","protected":false},"author":1,"featured_media":0,"parent":0,"menu_order":0,"comment_status":"closed","ping_status":"closed","template":"","meta":{"_et_pb_use_builder":"on","_et_pb_old_content":"","_et_gb_content_width":"","inline_featured_image":false,"_themeisle_gutenberg_block_has_review":false,"footnotes":""},"class_list":["post-166","page","type-page","status-publish","hentry"],"_links":{"self":[{"href":"https:\/\/tandlakareutangranser.se\/en\/wp-json\/wp\/v2\/pages\/166","targetHints":{"allow":["GET"]}}],"collection":[{"href":"https:\/\/tandlakareutangranser.se\/en\/wp-json\/wp\/v2\/pages"}],"about":[{"href":"https:\/\/tandlakareutangranser.se\/en\/wp-json\/wp\/v2\/types\/page"}],"author":[{"embeddable":true,"href":"https:\/\/tandlakareutangranser.se\/en\/wp-json\/wp\/v2\/users\/1"}],"replies":[{"embeddable":true,"href":"https:\/\/tandlakareutangranser.se\/en\/wp-json\/wp\/v2\/comments?post=166"}],"version-history":[{"count":15,"href":"https:\/\/tandlakareutangranser.se\/en\/wp-json\/wp\/v2\/pages\/166\/revisions"}],"predecessor-version":[{"id":3057,"href":"https:\/\/tandlakareutangranser.se\/en\/wp-json\/wp\/v2\/pages\/166\/revisions\/3057"}],"wp:attachment":[{"href":"https:\/\/tandlakareutangranser.se\/en\/wp-json\/wp\/v2\/media?parent=166"}],"curies":[{"name":"wp","href":"https:\/\/api.w.org\/{rel}","templated":true}]}}